{"id":162,"date":"2024-05-08T14:31:46","date_gmt":"2024-05-08T18:31:46","guid":{"rendered":"https:\/\/souvenir.swlauriersb.vortexdev.com\/student-services\/"},"modified":"2024-05-28T16:22:02","modified_gmt":"2024-05-28T20:22:02","slug":"services-aux-eleves","status":"publish","type":"page","link":"https:\/\/souvenir.swlauriersb.vortexdev.com\/fr\/services\/services-aux-eleves\/","title":{"rendered":"Services aux \u00e9l\u00e8ves"},"content":{"rendered":"\n<p>D\u00e9couvrez la couverture de notre belle salle sensorielle, rendue possible gr\u00e2ce \u00e0 de g\u00e9n\u00e9reux dons et r\u00e9cemment inaugur\u00e9e\u00a0:<\/p>\n\n\n\n<figure class=\"wp-block-embed is-type-wp-embed is-provider-the-laval-news wp-block-embed-the-laval-news\"><div class=\"wp-block-embed__wrapper\">\n<blockquote class=\"wp-embedded-content\" data-secret=\"Bfu99hZSzg\"><a href=\"https:\/\/lavalnews.ca\/panagiotopoulos-family-donates-sensory-room-to-souvenir-elementary\/\">Panagiotopoulos family donates Sensory Room to Souvenir Elementary<\/a><\/blockquote><iframe class=\"wp-embedded-content\" sandbox=\"allow-scripts\" security=\"restricted\" style=\"position: absolute; clip: rect(1px, 1px, 1px, 1px);\" title=\"&#8220;Panagiotopoulos family donates Sensory Room to Souvenir Elementary&#8221; &#8212; The Laval News\" src=\"https:\/\/lavalnews.ca\/panagiotopoulos-family-donates-sensory-room-to-souvenir-elementary\/embed\/#?secret=dxwTzzH68F#?secret=Bfu99hZSzg\" data-secret=\"Bfu99hZSzg\" width=\"500\" height=\"282\" frameborder=\"0\" marginwidth=\"0\" marginheight=\"0\" scrolling=\"no\"><\/iframe>\n<\/div><\/figure>\n","protected":false},"excerpt":{"rendered":"<p>D\u00e9couvrez la couverture de notre belle salle sensorielle, rendue possible gr\u00e2ce \u00e0 de g\u00e9n\u00e9reux dons et r\u00e9cemment inaugur\u00e9e\u00a0:<\/p>\n","protected":false},"author":1,"featured_media":0,"parent":164,"menu_order":0,"comment_status":"closed","ping_status":"closed","template":"","meta":{"_acf_changed":false,"_relevanssi_hide_post":"","_relevanssi_hide_content":"","_relevanssi_pin_for_all":"","_relevanssi_pin_keywords":"","_relevanssi_unpin_keywords":"","_relevanssi_related_keywords":"","_relevanssi_related_include_ids":"","_relevanssi_related_exclude_ids":"","_relevanssi_related_no_append":"","_relevanssi_related_not_related":"","_relevanssi_related_posts":"","_relevanssi_noindex_reason":"","footnotes":""},"acf":[],"_links":{"self":[{"href":"https:\/\/souvenir.swlauriersb.vortexdev.com\/fr\/wp-json\/wp\/v2\/pages\/162"}],"collection":[{"href":"https:\/\/souvenir.swlauriersb.vortexdev.com\/fr\/wp-json\/wp\/v2\/pages"}],"about":[{"href":"https:\/\/souvenir.swlauriersb.vortexdev.com\/fr\/wp-json\/wp\/v2\/types\/page"}],"author":[{"embeddable":true,"href":"https:\/\/souvenir.swlauriersb.vortexdev.com\/fr\/wp-json\/wp\/v2\/users\/1"}],"replies":[{"embeddable":true,"href":"https:\/\/souvenir.swlauriersb.vortexdev.com\/fr\/wp-json\/wp\/v2\/comments?post=162"}],"version-history":[{"count":2,"href":"https:\/\/souvenir.swlauriersb.vortexdev.com\/fr\/wp-json\/wp\/v2\/pages\/162\/revisions"}],"predecessor-version":[{"id":401,"href":"https:\/\/souvenir.swlauriersb.vortexdev.com\/fr\/wp-json\/wp\/v2\/pages\/162\/revisions\/401"}],"up":[{"embeddable":true,"href":"https:\/\/souvenir.swlauriersb.vortexdev.com\/fr\/wp-json\/wp\/v2\/pages\/164"}],"wp:attachment":[{"href":"https:\/\/souvenir.swlauriersb.vortexdev.com\/fr\/wp-json\/wp\/v2\/media?parent=162"}],"curies":[{"name":"wp","href":"https:\/\/api.w.org\/{rel}","templated":true}]}}