{"id":167,"date":"2024-05-08T14:28:33","date_gmt":"2024-05-08T18:28:33","guid":{"rendered":"https:\/\/souvenir.swlauriersb.vortexdev.com\/gb\/"},"modified":"2024-05-22T15:12:31","modified_gmt":"2024-05-22T19:12:31","slug":"conseil-etablissement","status":"publish","type":"page","link":"https:\/\/souvenir.swlauriersb.vortexdev.com\/fr\/informations-pour-les-parents\/conseil-etablissement\/","title":{"rendered":"Conseil d\u2019\u00e9tablissement"},"content":{"rendered":"\n<h2 class=\"wp-block-heading\">CONSEIL D\u2019\u00c9TABLISSEMENT 2023-2024<\/h2>\n\n\n\n<p><strong><u>R\u00e9unions<\/u><\/strong><\/p>\n\n\n\n<p>Chers parents et tuteurs,<\/p>\n\n\n\n<p>Nos r\u00e9unions du Conseil d\u2019\u00e9tablissement 2023-2024 ont lieu une fois par mois et commencent \u00e0 19h00.<\/p>\n\n\n\n<p><strong><u>Dates des r\u00e9unions&nbsp;:<\/u><\/strong><\/p>\n\n\n\n<p>19&nbsp;septembre&nbsp;2023* &nbsp;&nbsp;&nbsp;&nbsp;&nbsp;&nbsp;&nbsp;&nbsp;&nbsp;&nbsp;&nbsp;&nbsp;&nbsp;&nbsp;&nbsp;&nbsp;&nbsp;&nbsp;&nbsp;&nbsp;&nbsp;&nbsp;&nbsp;&nbsp;&nbsp;&nbsp;&nbsp;&nbsp;&nbsp;&nbsp;&nbsp;&nbsp;&nbsp;&nbsp;&nbsp;&nbsp;&nbsp; 19<sup>&nbsp;<\/sup>f\u00e9vrier&nbsp;2024<\/p>\n\n\n\n<p>16octobre&nbsp;2023&nbsp;&nbsp;&nbsp;&nbsp;&nbsp;&nbsp;&nbsp;&nbsp;&nbsp;&nbsp;&nbsp;&nbsp;&nbsp;&nbsp;&nbsp;&nbsp;&nbsp;&nbsp;&nbsp;&nbsp;&nbsp;&nbsp;&nbsp;&nbsp;&nbsp;&nbsp;&nbsp;&nbsp;&nbsp;&nbsp;&nbsp;&nbsp;&nbsp;&nbsp;&nbsp;&nbsp;&nbsp;&nbsp;&nbsp;&nbsp;&nbsp;&nbsp;&nbsp;&nbsp;&nbsp; 18mars&nbsp;2024*<\/p>\n\n\n\n<p>20&nbsp;novembre&nbsp;2023*&nbsp;&nbsp;&nbsp;&nbsp;&nbsp;&nbsp;&nbsp;&nbsp;&nbsp;&nbsp;&nbsp;&nbsp;&nbsp;&nbsp;&nbsp;&nbsp;&nbsp;&nbsp;&nbsp;&nbsp;&nbsp;&nbsp;&nbsp;&nbsp;&nbsp;&nbsp;&nbsp;&nbsp;&nbsp;&nbsp;&nbsp;&nbsp;&nbsp;&nbsp;&nbsp;&nbsp;&nbsp;&nbsp; 28&nbsp;avril2024<\/p>\n\n\n\n<p>18<sup>\u00a0<\/sup>d\u00e9cembre\u00a02023\u00a0\u00a0\u00a0\u00a0\u00a0\u00a0\u00a0\u00a0\u00a0\u00a0\u00a0\u00a0\u00a0\u00a0\u00a0\u00a0\u00a0\u00a0\u00a0\u00a0\u00a0\u00a0\u00a0\u00a0\u00a0\u00a0\u00a0\u00a0\u00a0\u00a0\u00a0\u00a0\u00a0\u00a0\u00a0\u00a0\u00a0\u00a0\u00a0\u00a0 27\u00a0mai\u00a02024*<\/p>\n\n\n\n<p>22\u00a0janvier\u00a02024*\u00a0\u00a0\u00a0\u00a0\u00a0\u00a0\u00a0\u00a0\u00a0\u00a0\u00a0\u00a0\u00a0\u00a0\u00a0\u00a0\u00a0\u00a0\u00a0\u00a0\u00a0\u00a0\u00a0\u00a0\u00a0\u00a0\u00a0\u00a0\u00a0\u00a0\u00a0\u00a0\u00a0\u00a0\u00a0\u00a0\u00a0\u00a0\u00a0\u00a0\u00a0 \u00a0\u00a0 17juin\u00a02024<\/p>\n\n\n\n<p>*Dates de r\u00e9union fixes<\/p>\n\n\n\n<p>Deux p\u00e9riodes de questions de 10 minutes, ouvertes au public et adress\u00e9es \u00e0 la pr\u00e9sidence seulement, sont inscrites \u00e0 l\u2019ordre du jour \u00e0 mi-parcours et \u00e0 la fin de chaque r\u00e9union.<\/p>\n\n\n\n<p><strong>Les questions doivent \u00eatre envoy\u00e9es \u00e0 l\u2019adresse courriel suivante au moins 48 heures \u00e0 l\u2019avance&nbsp;:<\/strong><a href=\"mailto:krikor.bijian@mail.mcgill.ca\"> krikor.bijian@mail.mcgill.ca<\/a><\/p>\n\n\n\n<p><strong><u>Membres<\/u><\/strong><\/p>\n\n\n\n<p><strong>PARENTS<\/strong><\/p>\n\n\n\n<p>Krikor Bijian (pr\u00e9sident)<\/p>\n\n\n\n<p>Peter Ferentinos (vice-pr\u00e9sident et d\u00e9l\u00e9gu\u00e9 au comit\u00e9 des parents de la CSSWL)<\/p>\n\n\n\n<p>George Foutrakis<\/p>\n\n\n\n<p>Darren Lisak (tr\u00e9sorier et d\u00e9l\u00e9gu\u00e9 suppl\u00e9ant au Comit\u00e9 des parents de la CSSWL)<\/p>\n\n\n\n<p>Jeff Mott<\/p>\n\n\n\n<p>Amanda Ragone<\/p>\n\n\n\n<p>Deborah Biondino (suppl\u00e9ante)<\/p>\n\n\n\n<p>Martine Williams (suppl\u00e9ante)<\/p>\n\n\n\n<p>Meagan Simonyi (suppl\u00e9ante)<\/p>\n\n\n\n<p><strong>ENSEIGNANTS<\/strong><\/p>\n\n\n\n<p>Jill Davey<\/p>\n\n\n\n<p>Michelle Greene<\/p>\n\n\n\n<p>Sonia Mirarchi<\/p>\n\n\n\n<p>Pamela Tomecz<\/p>\n\n\n\n<p>Maria Daklaras (membre suppl\u00e9ant)<\/p>\n\n\n\n<p>Elizabeth Szokup (membre suppl\u00e9ant)<\/p>\n\n\n\n<p><strong>PERSONNEL DE SOUTIEN<\/strong><\/p>\n\n\n\n<p>Christina Esposito<\/p>\n\n\n\n<p><strong>PROFESSIONNEL NON ENSEIGNANT<\/strong><\/p>\n\n\n\n<p>Cheryl Smith-Debanne (secr\u00e9taire)<\/p>\n\n\n\n<p><strong>REPR\u00c9SENTANTS COMMUNAUTAIRES<\/strong><\/p>\n\n\n\n<p>Mona Arseneault<\/p>\n\n\n\n<p>Evangelia Thomas<\/p>\n\n\n\n<p><strong>ADMINISTRATION<\/strong><\/p>\n\n\n\n<p>Dimanche Skoufaras (directrice)<\/p>\n\n\n\n<p>Isabelle Nathan-Frenette (directrice adjointe)<\/p>\n","protected":false},"excerpt":{"rendered":"<p>CONSEIL D\u2019\u00c9TABLISSEMENT 2023-2024 R\u00e9unions Chers parents et tuteurs, Nos r\u00e9unions du Conseil d\u2019\u00e9tablissement 2023-2024 ont lieu une fois par mois et commencent \u00e0 19h00. Dates des r\u00e9unions&nbsp;: 19&nbsp;septembre&nbsp;2023* &nbsp;&nbsp;&nbsp;&nbsp;&nbsp;&nbsp;&nbsp;&nbsp;&nbsp;&nbsp;&nbsp;&nbsp;&nbsp;&nbsp;&nbsp;&nbsp;&nbsp;&nbsp;&nbsp;&nbsp;&nbsp;&nbsp;&nbsp;&nbsp;&nbsp;&nbsp;&nbsp;&nbsp;&nbsp;&nbsp;&nbsp;&nbsp;&nbsp;&nbsp;&nbsp;&nbsp;&nbsp; 19&nbsp;f\u00e9vrier&nbsp;2024 16octobre&nbsp;2023&nbsp;&nbsp;&nbsp;&nbsp;&nbsp;&nbsp;&nbsp;&nbsp;&nbsp;&nbsp;&nbsp;&nbsp;&nbsp;&nbsp;&nbsp;&nbsp;&nbsp;&nbsp;&nbsp;&nbsp;&nbsp;&nbsp;&nbsp;&nbsp;&nbsp;&nbsp;&nbsp;&nbsp;&nbsp;&nbsp;&nbsp;&nbsp;&nbsp;&nbsp;&nbsp;&nbsp;&nbsp;&nbsp;&nbsp;&nbsp;&nbsp;&nbsp;&nbsp;&nbsp;&nbsp; 18mars&nbsp;2024* 20&nbsp;novembre&nbsp;2023*&nbsp;&nbsp;&nbsp;&nbsp;&nbsp;&nbsp;&nbsp;&nbsp;&nbsp;&nbsp;&nbsp;&nbsp;&nbsp;&nbsp;&nbsp;&nbsp;&nbsp;&nbsp;&nbsp;&nbsp;&nbsp;&nbsp;&nbsp;&nbsp;&nbsp;&nbsp;&nbsp;&nbsp;&nbsp;&nbsp;&nbsp;&nbsp;&nbsp;&nbsp;&nbsp;&nbsp;&nbsp;&nbsp; 28&nbsp;avril2024 18\u00a0d\u00e9cembre\u00a02023\u00a0\u00a0\u00a0\u00a0\u00a0\u00a0\u00a0\u00a0\u00a0\u00a0\u00a0\u00a0\u00a0\u00a0\u00a0\u00a0\u00a0\u00a0\u00a0\u00a0\u00a0\u00a0\u00a0\u00a0\u00a0\u00a0\u00a0\u00a0\u00a0\u00a0\u00a0\u00a0\u00a0\u00a0\u00a0\u00a0\u00a0\u00a0\u00a0\u00a0 27\u00a0mai\u00a02024* 22\u00a0janvier\u00a02024*\u00a0\u00a0\u00a0\u00a0\u00a0\u00a0\u00a0\u00a0\u00a0\u00a0\u00a0\u00a0\u00a0\u00a0\u00a0\u00a0\u00a0\u00a0\u00a0\u00a0\u00a0\u00a0\u00a0\u00a0\u00a0\u00a0\u00a0\u00a0\u00a0\u00a0\u00a0\u00a0\u00a0\u00a0\u00a0\u00a0\u00a0\u00a0\u00a0\u00a0\u00a0 \u00a0\u00a0 17juin\u00a02024 *Dates de r\u00e9union fixes Deux p\u00e9riodes de questions de 10 minutes, ouvertes au public et adress\u00e9es&hellip;<\/p>\n","protected":false},"author":1,"featured_media":0,"parent":173,"menu_order":0,"comment_status":"closed","ping_status":"closed","template":"","meta":{"_acf_changed":false,"_relevanssi_hide_post":"","_relevanssi_hide_content":"","_relevanssi_pin_for_all":"","_relevanssi_pin_keywords":"","_relevanssi_unpin_keywords":"","_relevanssi_related_keywords":"","_relevanssi_related_include_ids":"","_relevanssi_related_exclude_ids":"","_relevanssi_related_no_append":"","_relevanssi_related_not_related":"","_relevanssi_related_posts":"","_relevanssi_noindex_reason":"","footnotes":""},"acf":[],"_links":{"self":[{"href":"https:\/\/souvenir.swlauriersb.vortexdev.com\/fr\/wp-json\/wp\/v2\/pages\/167"}],"collection":[{"href":"https:\/\/souvenir.swlauriersb.vortexdev.com\/fr\/wp-json\/wp\/v2\/pages"}],"about":[{"href":"https:\/\/souvenir.swlauriersb.vortexdev.com\/fr\/wp-json\/wp\/v2\/types\/page"}],"author":[{"embeddable":true,"href":"https:\/\/souvenir.swlauriersb.vortexdev.com\/fr\/wp-json\/wp\/v2\/users\/1"}],"replies":[{"embeddable":true,"href":"https:\/\/souvenir.swlauriersb.vortexdev.com\/fr\/wp-json\/wp\/v2\/comments?post=167"}],"version-history":[{"count":1,"href":"https:\/\/souvenir.swlauriersb.vortexdev.com\/fr\/wp-json\/wp\/v2\/pages\/167\/revisions"}],"predecessor-version":[{"id":385,"href":"https:\/\/souvenir.swlauriersb.vortexdev.com\/fr\/wp-json\/wp\/v2\/pages\/167\/revisions\/385"}],"up":[{"embeddable":true,"href":"https:\/\/souvenir.swlauriersb.vortexdev.com\/fr\/wp-json\/wp\/v2\/pages\/173"}],"wp:attachment":[{"href":"https:\/\/souvenir.swlauriersb.vortexdev.com\/fr\/wp-json\/wp\/v2\/media?parent=167"}],"curies":[{"name":"wp","href":"https:\/\/api.w.org\/{rel}","templated":true}]}}