{"id":168,"date":"2024-05-08T14:28:15","date_gmt":"2024-05-08T18:28:15","guid":{"rendered":"https:\/\/souvenir.swlauriersb.vortexdev.com\/activities\/"},"modified":"2024-05-22T15:04:55","modified_gmt":"2024-05-22T19:04:55","slug":"activites","status":"publish","type":"page","link":"https:\/\/souvenir.swlauriersb.vortexdev.com\/fr\/informations-pour-les-parents\/activites\/","title":{"rendered":"Activit\u00e9s"},"content":{"rendered":"\n<p>Nous avons de nombreuses activit\u00e9s \u00e0 l\u2019heure du d\u00e9jeuner dans notre \u00e9cole g\u00e9r\u00e9es par les enseignants et le personnel. \u00c0 mesure que l\u2019ann\u00e9e avance, votre enfant peut \u00eatre invit\u00e9 \u00e0 s\u2019inscrire \u00e0 des clubs artistiques, sportifs ou sur le th\u00e8me de la nature. Nous avons \u00e9galement une salle de jeux et une biblioth\u00e8que o\u00f9 ils peuvent profiter de la compagnie de leurs amis- les encourager \u00e0 travailler \u00e0 la fois leur esprit et leurs muscles!<\/p>\n\n\n\n<p>Souvenir propose \u00e9galement diverses activit\u00e9s parascolaires, dont certaines sont offertes par des organismes tiers. Veuillez noter que les inscriptions imprim\u00e9es et papier adress\u00e9es au bureau ou aux enseignants pour les activit\u00e9s parascolaires (soccer, tennis, etc.) ne sont PAS accept\u00e9es. Pour inscrire un enfant \u00e0 une activit\u00e9, vous devez suivre les instructions sp\u00e9cifiques de chaque fournisseur et les payer directement.<\/p>\n","protected":false},"excerpt":{"rendered":"<p>Nous avons de nombreuses activit\u00e9s \u00e0 l\u2019heure du d\u00e9jeuner dans notre \u00e9cole g\u00e9r\u00e9es par les enseignants et le personnel. \u00c0 mesure que l\u2019ann\u00e9e avance, votre enfant peut \u00eatre invit\u00e9 \u00e0 s\u2019inscrire \u00e0 des clubs artistiques, sportifs ou sur le th\u00e8me de la nature. Nous avons \u00e9galement une salle de jeux et une biblioth\u00e8que o\u00f9 ils&hellip;<\/p>\n","protected":false},"author":1,"featured_media":0,"parent":173,"menu_order":0,"comment_status":"closed","ping_status":"closed","template":"","meta":{"_acf_changed":false,"_relevanssi_hide_post":"","_relevanssi_hide_content":"","_relevanssi_pin_for_all":"","_relevanssi_pin_keywords":"","_relevanssi_unpin_keywords":"","_relevanssi_related_keywords":"","_relevanssi_related_include_ids":"","_relevanssi_related_exclude_ids":"","_relevanssi_related_no_append":"","_relevanssi_related_not_related":"","_relevanssi_related_posts":"","_relevanssi_noindex_reason":"","footnotes":""},"acf":[],"_links":{"self":[{"href":"https:\/\/souvenir.swlauriersb.vortexdev.com\/fr\/wp-json\/wp\/v2\/pages\/168"}],"collection":[{"href":"https:\/\/souvenir.swlauriersb.vortexdev.com\/fr\/wp-json\/wp\/v2\/pages"}],"about":[{"href":"https:\/\/souvenir.swlauriersb.vortexdev.com\/fr\/wp-json\/wp\/v2\/types\/page"}],"author":[{"embeddable":true,"href":"https:\/\/souvenir.swlauriersb.vortexdev.com\/fr\/wp-json\/wp\/v2\/users\/1"}],"replies":[{"embeddable":true,"href":"https:\/\/souvenir.swlauriersb.vortexdev.com\/fr\/wp-json\/wp\/v2\/comments?post=168"}],"version-history":[{"count":2,"href":"https:\/\/souvenir.swlauriersb.vortexdev.com\/fr\/wp-json\/wp\/v2\/pages\/168\/revisions"}],"predecessor-version":[{"id":379,"href":"https:\/\/souvenir.swlauriersb.vortexdev.com\/fr\/wp-json\/wp\/v2\/pages\/168\/revisions\/379"}],"up":[{"embeddable":true,"href":"https:\/\/souvenir.swlauriersb.vortexdev.com\/fr\/wp-json\/wp\/v2\/pages\/173"}],"wp:attachment":[{"href":"https:\/\/souvenir.swlauriersb.vortexdev.com\/fr\/wp-json\/wp\/v2\/media?parent=168"}],"curies":[{"name":"wp","href":"https:\/\/api.w.org\/{rel}","templated":true}]}}