{"id":170,"date":"2024-05-08T14:27:26","date_gmt":"2024-05-08T18:27:26","guid":{"rendered":"https:\/\/souvenir.swlauriersb.vortexdev.com\/ppo-home-school\/"},"modified":"2024-05-22T14:34:24","modified_gmt":"2024-05-22T18:34:24","slug":"home-school","status":"publish","type":"page","link":"https:\/\/souvenir.swlauriersb.vortexdev.com\/fr\/informations-pour-les-parents\/home-school\/","title":{"rendered":"Home and School"},"content":{"rendered":"\n<h2 class=\"wp-block-heading\">Comit\u00e9 Home and School<\/h2>\n\n\n\n<p>Souvenir Elementary Home and School Association (SEHASA) est un organisme b\u00e9n\u00e9vole ind\u00e9pendant, constitu\u00e9 en soci\u00e9t\u00e9 et sans but lucratif qui se consacre \u00e0 am\u00e9liorer l\u2019\u00e9ducation et le bien-\u00eatre g\u00e9n\u00e9ral des enfants en d\u00e9veloppant un effort commun entre l\u2019\u00e9cole, les \u00e9ducateurs et la communaut\u00e9.<\/p>\n\n\n\n<p>Nous fournissons des livres, de l\u2019\u00e9quipement et des aides p\u00e9dagogiques, des activit\u00e9s amusantes et \u00e9ducatives et d\u2019autres ressources au profit des \u00e9l\u00e8ves et soutenons des projets pour l\u2019\u00e9cole en finan\u00e7ant la construction et l\u2019entretien de toute structure qui am\u00e9liore l\u2019exp\u00e9rience d\u2019apprentissage des \u00e9l\u00e8ves. Nous encourageons la participation des parents, des \u00e9l\u00e8ves, des \u00e9ducateurs et de la communaut\u00e9 dans son ensemble \u00e0 l\u2019avancement de l\u2019apprentissage et agissons comme porte-parole des parents.<\/p>\n\n\n\n<p>2023-2024<\/p>\n\n\n\n<p>Membres de la direction<\/p>\n\n\n\n<p>\u00ab&nbsp;Texte&nbsp;\u00bb &#8211; Copr\u00e9sidents &#8211; Maria Andriopoulos\/ Sophia Simantirakis<\/p>\n\n\n\n<p>Vice-pr\u00e9sidente &#8211; Deborah Biondino<\/p>\n\n\n\n<p>Tr\u00e9sori\u00e8re &#8211; Martine Williams<\/p>\n\n\n\n<p>Co-tr\u00e9sorier &#8211; Trisha Cot\u00e9<\/p>\n\n\n\n<p>Secr\u00e9taire &#8211; Jeff Mott<\/p>\n\n\n\n<p>B\u00e9n\u00e9voles &#8211; Connie Fabrizio \/ Rachel Primiani&nbsp;&nbsp;&nbsp;<\/p>\n\n\n\n<p>M\u00e9dias sociaux &#8211; Maysa Samara<\/p>\n\n\n\n<p>Site Web &#8211; Beverly Canelho<\/p>\n\n\n\n<p>Adh\u00e9sion &#8211; Alessandra Rosanio<\/p>\n\n\n\n<p>Communications &#8211; Amanda Ragone<\/p>\n\n\n\n<p>Souvenir Elementary Facebook &#8211; <a href=\"https:\/\/www.facebook.com\/souvenirelementary\">https:\/\/www.facebook.com\/souvenirelementary<\/a><\/p>\n\n\n\n<p>Groupe Facebook SEHASA &#8211;<a href=\"https:\/\/www.facebook.com\/groups\/2549077811868795\">&nbsp; https:\/\/www.facebook.com\/groups\/2549077811868795<\/a><\/p>\n\n\n\n<p>SEHASA website &#8211; <a href=\"https:\/\/sehasa.ca\/\">https:\/\/sehasa.ca\/<\/a><\/p>\n\n\n\n<p>SEHASA email address &#8211; <a href=\"mailto:souvenir.homeandschool@gmail.com\">\u00a0souvenir.homeandschool@gmail.com<\/a><\/p>\n\n\n\n<h2 class=\"wp-block-heading\">Collecte de fonds Mabel\u2019s Labels\u00a0:<\/h2>\n\n\n\n<p>Souvenir Elementary Home and School souhaite la bienvenue \u00e0 nos nouvelles familles! C\u2019est un moment excitant pour vous tous et nous avons une collecte de fonds pour vous aider \u00e0 vous pr\u00e9parer pour l\u2019ann\u00e9e scolaire.<\/p>\n\n\n\n<p>Mabel\u2019s Labels propose des \u00e9tiquettes durables et color\u00e9es que vous pouvez personnaliser selon les go\u00fbts de votre enfant. Une partie des profits est revers\u00e9e au Comit\u00e9 Souvenir Home and School.<\/p>\n\n\n\n<p>\u00c9tape 1.&nbsp;&nbsp; Allez \u00e0&nbsp;: campaigns.mabelslabels.com<\/p>\n\n\n\n<p>\u00c9tape 2. Si c\u2019est votre premi\u00e8re fois, cliquez sur&nbsp;: \u00ab&nbsp;J\u2019accepte&nbsp;\u00bb<\/p>\n\n\n\n<p>\u00c9tape 3. Dans le menu d\u00e9roulant, choisissez \u00ab&nbsp;Souvenir Home &amp; School Association (Laval)&nbsp;\u00bb.<\/p>\n\n\n\n<p>\u00c9tape 4. Cliquez sur&nbsp;: \u00ab&nbsp;Cliquez ici pour acheter&nbsp;\u00bb<\/p>\n\n\n\n<p>\u00c9tape 5. Amusez-vous \u00e0 magasiner!<\/p>\n\n\n\n<p>Si vous avez des questions, vous pouvez communiquer avec nous \u00e0 souvenirhomeandschool@gmail.com<\/p>\n\n\n\n<p>Encore une fois, bienvenue \u00e0 Souvenir et bonne ann\u00e9e!<\/p>\n\n\n\n<div class=\"wp-block-buttons is-layout-flex wp-block-buttons-is-layout-flex\">\n<div class=\"wp-block-button\"><a class=\"wp-block-button__link wp-element-button\" href=\"https:\/\/www.qfhsa.org\/\">La F\u00e9d\u00e9ration qu\u00e9b\u00e9coise des associations d\u2019accueil et d\u2019\u00e9coles (FHQSA)<i class=\"icon-arrow-left\"><\/i><\/a><\/div>\n<\/div>\n","protected":false},"excerpt":{"rendered":"<p>Comit\u00e9 Home and School Souvenir Elementary Home and School Association (SEHASA) est un organisme b\u00e9n\u00e9vole ind\u00e9pendant, constitu\u00e9 en soci\u00e9t\u00e9 et sans but lucratif qui se consacre \u00e0 am\u00e9liorer l\u2019\u00e9ducation et le bien-\u00eatre g\u00e9n\u00e9ral des enfants en d\u00e9veloppant un effort commun entre l\u2019\u00e9cole, les \u00e9ducateurs et la communaut\u00e9. Nous fournissons des livres, de l\u2019\u00e9quipement et des&hellip;<\/p>\n","protected":false},"author":1,"featured_media":0,"parent":173,"menu_order":0,"comment_status":"closed","ping_status":"closed","template":"","meta":{"_acf_changed":false,"_relevanssi_hide_post":"","_relevanssi_hide_content":"","_relevanssi_pin_for_all":"","_relevanssi_pin_keywords":"","_relevanssi_unpin_keywords":"","_relevanssi_related_keywords":"","_relevanssi_related_include_ids":"","_relevanssi_related_exclude_ids":"","_relevanssi_related_no_append":"","_relevanssi_related_not_related":"","_relevanssi_related_posts":"","_relevanssi_noindex_reason":"","footnotes":""},"acf":[],"_links":{"self":[{"href":"https:\/\/souvenir.swlauriersb.vortexdev.com\/fr\/wp-json\/wp\/v2\/pages\/170"}],"collection":[{"href":"https:\/\/souvenir.swlauriersb.vortexdev.com\/fr\/wp-json\/wp\/v2\/pages"}],"about":[{"href":"https:\/\/souvenir.swlauriersb.vortexdev.com\/fr\/wp-json\/wp\/v2\/types\/page"}],"author":[{"embeddable":true,"href":"https:\/\/souvenir.swlauriersb.vortexdev.com\/fr\/wp-json\/wp\/v2\/users\/1"}],"replies":[{"embeddable":true,"href":"https:\/\/souvenir.swlauriersb.vortexdev.com\/fr\/wp-json\/wp\/v2\/comments?post=170"}],"version-history":[{"count":2,"href":"https:\/\/souvenir.swlauriersb.vortexdev.com\/fr\/wp-json\/wp\/v2\/pages\/170\/revisions"}],"predecessor-version":[{"id":351,"href":"https:\/\/souvenir.swlauriersb.vortexdev.com\/fr\/wp-json\/wp\/v2\/pages\/170\/revisions\/351"}],"up":[{"embeddable":true,"href":"https:\/\/souvenir.swlauriersb.vortexdev.com\/fr\/wp-json\/wp\/v2\/pages\/173"}],"wp:attachment":[{"href":"https:\/\/souvenir.swlauriersb.vortexdev.com\/fr\/wp-json\/wp\/v2\/media?parent=170"}],"curies":[{"name":"wp","href":"https:\/\/api.w.org\/{rel}","templated":true}]}}