{"id":173,"date":"2024-05-08T14:26:26","date_gmt":"2024-05-08T18:26:26","guid":{"rendered":"https:\/\/souvenir.swlauriersb.vortexdev.com\/parent-information\/"},"modified":"2024-05-28T16:20:31","modified_gmt":"2024-05-28T20:20:31","slug":"informations-pour-les-parents","status":"publish","type":"page","link":"https:\/\/souvenir.swlauriersb.vortexdev.com\/fr\/informations-pour-les-parents\/","title":{"rendered":"Informations pour les parents"},"content":{"rendered":"\n<p>Code vestimentaire&nbsp;: Veuillez consulter l\u2019encart de l\u2019agenda pour plus de d\u00e9tails.<\/p>\n\n\n\n<p>Le code vestimentaire de base de Souvenir est un v\u00eatement uni bleu marine et blanc.<\/p>\n\n\n\n<p>Absences\/retards\/d\u00e9parts anticip\u00e9s&nbsp;: Veuillez consulter l\u2019encart de l\u2019agenda pour plus de d\u00e9tails.<\/p>\n\n\n\n<p>Il est de la responsabilit\u00e9 des parents d\u2019aviser l\u2019\u00e9cole de l\u2019absence de leur enfant en utilisant le portail Moza\u00efk avant 7h50 en se connectant, en entrant la date d\u2019absence et en indiquant la raison de l\u2019absence afin que nous puissions suivre les \u00e9pid\u00e9mies potentielles de grippe ou d\u2019autres maladies.<\/p>\n\n\n\n<p>Si votre enfant doit quitter t\u00f4t, veuillez utiliser l\u2019agenda de votre enfant pour \u00e9crire une note \u00e0 l\u2019enseignant. En cas de circonstances impr\u00e9vues o\u00f9 votre enfant doit quitter t\u00f4t, vous devez appeler l\u2019\u00e9cole afin qu\u2019il puisse se pr\u00e9parer. Les \u00e9l\u00e8ves qui quittent t\u00f4t doivent retrouver leurs parents au bureau avant 14 heures.<\/p>\n","protected":false},"excerpt":{"rendered":"<p>Code vestimentaire&nbsp;: Veuillez consulter l\u2019encart de l\u2019agenda pour plus de d\u00e9tails. Le code vestimentaire de base de Souvenir est un v\u00eatement uni bleu marine et blanc. Absences\/retards\/d\u00e9parts anticip\u00e9s&nbsp;: Veuillez consulter l\u2019encart de l\u2019agenda pour plus de d\u00e9tails. Il est de la responsabilit\u00e9 des parents d\u2019aviser l\u2019\u00e9cole de l\u2019absence de leur enfant en utilisant le portail&hellip;<\/p>\n","protected":false},"author":1,"featured_media":0,"parent":0,"menu_order":0,"comment_status":"closed","ping_status":"closed","template":"","meta":{"_acf_changed":false,"_relevanssi_hide_post":"","_relevanssi_hide_content":"","_relevanssi_pin_for_all":"","_relevanssi_pin_keywords":"","_relevanssi_unpin_keywords":"","_relevanssi_related_keywords":"","_relevanssi_related_include_ids":"","_relevanssi_related_exclude_ids":"","_relevanssi_related_no_append":"","_relevanssi_related_not_related":"","_relevanssi_related_posts":"","_relevanssi_noindex_reason":"","footnotes":""},"acf":[],"_links":{"self":[{"href":"https:\/\/souvenir.swlauriersb.vortexdev.com\/fr\/wp-json\/wp\/v2\/pages\/173"}],"collection":[{"href":"https:\/\/souvenir.swlauriersb.vortexdev.com\/fr\/wp-json\/wp\/v2\/pages"}],"about":[{"href":"https:\/\/souvenir.swlauriersb.vortexdev.com\/fr\/wp-json\/wp\/v2\/types\/page"}],"author":[{"embeddable":true,"href":"https:\/\/souvenir.swlauriersb.vortexdev.com\/fr\/wp-json\/wp\/v2\/users\/1"}],"replies":[{"embeddable":true,"href":"https:\/\/souvenir.swlauriersb.vortexdev.com\/fr\/wp-json\/wp\/v2\/comments?post=173"}],"version-history":[{"count":2,"href":"https:\/\/souvenir.swlauriersb.vortexdev.com\/fr\/wp-json\/wp\/v2\/pages\/173\/revisions"}],"predecessor-version":[{"id":336,"href":"https:\/\/souvenir.swlauriersb.vortexdev.com\/fr\/wp-json\/wp\/v2\/pages\/173\/revisions\/336"}],"wp:attachment":[{"href":"https:\/\/souvenir.swlauriersb.vortexdev.com\/fr\/wp-json\/wp\/v2\/media?parent=173"}],"curies":[{"name":"wp","href":"https:\/\/api.w.org\/{rel}","templated":true}]}}