{"id":177,"date":"2024-05-08T14:20:59","date_gmt":"2024-05-08T18:20:59","guid":{"rendered":"https:\/\/souvenir.swlauriersb.vortexdev.com\/our-school-about-us\/"},"modified":"2024-05-22T11:49:10","modified_gmt":"2024-05-22T15:49:10","slug":"a-propos","status":"publish","type":"page","link":"https:\/\/souvenir.swlauriersb.vortexdev.com\/fr\/a-propos\/","title":{"rendered":"\u00c0 propos"},"content":{"rendered":"\n<h2 class=\"wp-block-heading\">Logo de l\u2019\u00e9cole<\/h2>\n\n\n\n<p>Le logo de l\u2019\u00e9cole primaire Souvenir montre trois enfants se tenant la main autour du globe, repr\u00e9sentant l\u2019unit\u00e9.\u00a0 La pomme, qui repr\u00e9sente la sant\u00e9, et le signe de paix d\u00e9montrent certaines de nos valeurs les plus importantes. Ils d\u00e9montrent notre d\u00e9sir d\u2019apprendre aux enfants \u00e0 vivre en harmonie avec leur environnement et \u00e0 se respecter et respecter les autres. Le livre est synonyme d\u2019alphab\u00e9tisation, car nous nous engageons \u00e0 susciter le d\u00e9sir d\u2019apprentissage tout au long de la vie.\u00a0 La Terre repr\u00e9sente que nous sommes une \u00e9cole verte, soucieuse de l\u2019environnement et soucieuse de l\u2019empreinte que nous laissons pour les g\u00e9n\u00e9rations futures.\u00a0 Notre devise est<em> Peace by Peace, We Succeed<\/em>.\u00a0 Les mots soulignent l\u2019engagement conjoint des \u00e9ducateurs, des \u00e9l\u00e8ves et des familles de la communaut\u00e9 de l\u2019\u00e9cole primaire Souvenir d\u2019agir de mani\u00e8re responsable et de s\u2019entraider dans notre capacit\u00e9 et notre volont\u00e9 d\u2019apprendre.\u00a0 Enfin, nous valorisons le bilinguisme, en tant qu\u2019\u00e9cole publique anglophone avec un solide programme de fran\u00e7ais.<\/p>\n\n\n\n<p>Un partenariat avec les SkyHawks des Forces arm\u00e9es canadiennes, inspir\u00e9 par la m\u00e9moire de l\u2019ancien sergent Chris Karigiannis,ancien \u00e9l\u00e8ve de l\u2019\u00e9cole primaire Souvenir a \u00e9t\u00e9 form\u00e9. Avec la cr\u00e9ation du logo de l\u2019\u00e9quipe SkyHawks, nous renfor\u00e7ons l\u2019histoire de l\u2019\u00e9cole, ainsi que les \u00e9nonc\u00e9s de mission et de vision, en favorisant la collaboration, la loyaut\u00e9, l\u2019honn\u00eatet\u00e9, le respect, la pers\u00e9v\u00e9rance, la bienveillance et la responsabilit\u00e9. L\u2019\u00e9cole primaire Souvenir a depuis \u00e9t\u00e9 d\u00e9sign\u00e9e \u00ab territoire Skyhawk \u00bb o\u00f9 ces principes sont promus, renforc\u00e9s et entrelac\u00e9s \u00e0 tous les niveaux.<\/p>\n\n\n\n<h2 class=\"wp-block-heading\">School Attendance Zone<\/h2>\n\n\n\n<p><a href=\"https:\/\/www.swlauriersb.qc.ca\/wp-content\/uploads\/2020\/12\/ZONE_MAP_Elementary_SOUVENIR.pdf\">Zone Map cliquez ici<\/a><\/p>\n\n\n\n<p>La carte d\u00e9crivant le bassin d\u2019alimentation de cette \u00e9cole donne un aper\u00e7u g\u00e9n\u00e9ral du territoire desservi par cette \u00e9cole. Les parents doivent contacter l\u2019\u00e9cole en question pour confirmer l\u2019admissibilit\u00e9.<\/p>\n\n\n\n<h2 class=\"wp-block-heading\">\u00c9NONC\u00c9 DE MISSION<\/h2>\n\n\n\n<p>L\u2019\u00e9cole primaire Souvenir est un \u00e9tablissement d\u2019enseignement public dont la mission est de fournir un environnement d\u2019apprentissage engageant, collaboratif et \u00e9quitable o\u00f9 le bien-\u00eatre et le potentiel des \u00e9l\u00e8ves sont au premier plan.<\/p>\n\n\n\n<h2 class=\"wp-block-heading\">\u00c9NONC\u00c9 DE VISION<\/h2>\n\n\n\n<p>Peace by Peace, We Succeed. En tant que l\u2019\u00e9cole primaire Souvenir Skyhawks, nous croyons que tous les \u00e9l\u00e8ves devraient embrasser l\u2019apprentissage dans un environnement diversifi\u00e9 et respectueux o\u00f9 le d\u00e9veloppement, l\u2019expansion, la d\u00e9monstration et l\u2019articulation des connaissances sont prioritaires. En acqu\u00e9rant des comp\u00e9tences tout au long de la vie, les \u00e9l\u00e8ves atteindront leur meilleur niveau personnel et apprendront \u00e0 prendre en charge leur bien-\u00eatre \u00e9motionnel, social et physique.\u00a0<\/p>\n\n\n\n<h2 class=\"wp-block-heading\">Informations historiques<\/h2>\n\n\n\n<p>L\u2019\u00e9cole primaire Souvenir a \u00e9t\u00e9 fond\u00e9e \u00e0 l\u2019origine comme \u00e9cole secondaire pour la Commission scolaire St-Martin en 1963.<\/p>\n\n\n\n<p>En 1965, elle est devenue une \u00e9cole primaire pour la communaut\u00e9 de Chomedey. Au fil des ans, Souvenir a maintenu une population multiculturelle prosp\u00e8re. Souvenir a une longue tradition comme une exp\u00e9rience d\u2019apprentissage significative et stimulante dans un environnement chaleureux et positif. En combinant la maison et la communaut\u00e9, l\u2019environnement offre aux \u00e9l\u00e8ves la possibilit\u00e9 de d\u00e9velopper leur potentiel.&nbsp; Souvenir a pour mission de favoriser le d\u00e9veloppement d\u2019apprenants \u00e0 vie et des citoyens responsables.<\/p>\n\n\n\n<h2 class=\"wp-block-heading\">Participation des parents<\/h2>\n\n\n\n<p>Souvenir accueille et encourage les parents \u00e0 participer \u00e0 notre communaut\u00e9 scolaire. Pour en savoir plus, veuillez consulter les onglets Conseil d\u2019\u00e9tablissement et Home and School.<\/p>\n\n\n\n<h2 class=\"wp-block-heading\">Programmes<\/h2>\n\n\n\n<p>La philosophie de l\u2019\u00e9cole primaire Souvenir est que tous les enfants ont la capacit\u00e9 de r\u00e9ussir. Un aspect important est la communication positive entre les familles, les \u00e9l\u00e8ves et le personnel.<\/p>\n\n\n\n<h2 class=\"wp-block-heading\">Programme 2023-2024\u00a0:<\/h2>\n\n\n\n<p>Maternelle 4 ans et 5 ans (pr\u00e9scolaire)&nbsp;:<\/p>\n\n\n\n<p>50&nbsp;% anglais<\/p>\n\n\n\n<p>50&nbsp;% fran\u00e7ais<\/p>\n\n\n\n<p>Cycle 1, 2 et 3 selon le programme MEQ&nbsp;:<\/p>\n\n\n\n<p>Math\u00e9matiques<\/p>\n\n\n\n<p>English Language Arts (ELA)<\/p>\n\n\n\n<p>Science<\/p>\n\n\n\n<p>\u00c9thique et culture religieuse (ECR)<\/p>\n\n\n\n<p>Fran\u00e7ais langue seconde (FLS)<\/p>\n\n\n\n<p>G\u00e9ographie, histoire et citoyennet\u00e9 (GHC)<\/p>\n\n\n\n<p>Arts dramatique<\/p>\n\n\n\n<p>Arts plastiques<\/p>\n\n\n\n<p>\u00c9ducation physique<\/p>\n\n\n\n<p>Inclusion&nbsp;: Les enseignants-ressources travaillent avec l\u2019enseignant en classe pour coordonner l\u2019intervention intensive aupr\u00e8s des \u00e9l\u00e8ves \u00e9prouvant des difficult\u00e9s d\u2019apprentissage ou qui b\u00e9n\u00e9ficieraient d\u2019un travail de rattrapage.<\/p>\n\n\n\n<h2 class=\"wp-block-heading\">\u00c9v\u00e9nements et activit\u00e9s<\/h2>\n\n\n\n<p>Notre programme d\u2019\u00e9ducation physique fait partie int\u00e9grante de la vie scolaire de Souvenir. Les \u00e9l\u00e8ves peuvent faire l\u2019exp\u00e9rience de notre exposition de gymnastique, du camp d\u2019hiver, de la course Terry Fox et de la corde \u00e0 sauter pour le c\u0153ur. Nous proposons \u00e9galement des clubs et des tournois tels que le basket-ball, le football, le flag-football, le handball, le ballon et le hockey sur glace.<\/p>\n\n\n\n<p>Souvenir accueille diverses activit\u00e9s annuelles telles que&nbsp;: assembl\u00e9es de fin de trimestre, \u00e9pluchette de ma\u00efs \u00e0 la grandeur de l\u2019\u00e9cole, une visite de conteur, des productions dramatiques, des groupes de th\u00e9\u00e2tre en tourn\u00e9e et plus encore. Nous reconnaissons \u00e9galement les \u00e9l\u00e8ves qui font preuve de qualit\u00e9s positives comme le leadership, le respect et la g\u00e9n\u00e9rosit\u00e9 en leur remettant un prix et en organisant un d\u00eener chaque mois.<\/p>\n\n\n\n<h2 class=\"wp-block-heading\">Autres informations<\/h2>\n\n\n\n<p>Le personnel est compos\u00e9 de personnes comp\u00e9tentes, consciencieuses et d\u00e9vou\u00e9es. Ils sont le moteur du succ\u00e8s de l\u2019\u00e9cole primaire Souvenir.<\/p>\n","protected":false},"excerpt":{"rendered":"<p>Logo de l\u2019\u00e9cole Le logo de l\u2019\u00e9cole primaire Souvenir montre trois enfants se tenant la main autour du globe, repr\u00e9sentant l\u2019unit\u00e9.\u00a0 La pomme, qui repr\u00e9sente la sant\u00e9, et le signe de paix d\u00e9montrent certaines de nos valeurs les plus importantes. Ils d\u00e9montrent notre d\u00e9sir d\u2019apprendre aux enfants \u00e0 vivre en harmonie avec leur environnement et&hellip;<\/p>\n","protected":false},"author":1,"featured_media":0,"parent":0,"menu_order":0,"comment_status":"closed","ping_status":"closed","template":"","meta":{"_acf_changed":false,"_relevanssi_hide_post":"","_relevanssi_hide_content":"","_relevanssi_pin_for_all":"","_relevanssi_pin_keywords":"","_relevanssi_unpin_keywords":"","_relevanssi_related_keywords":"","_relevanssi_related_include_ids":"","_relevanssi_related_exclude_ids":"","_relevanssi_related_no_append":"","_relevanssi_related_not_related":"","_relevanssi_related_posts":"","_relevanssi_noindex_reason":"","footnotes":""},"acf":[],"_links":{"self":[{"href":"https:\/\/souvenir.swlauriersb.vortexdev.com\/fr\/wp-json\/wp\/v2\/pages\/177"}],"collection":[{"href":"https:\/\/souvenir.swlauriersb.vortexdev.com\/fr\/wp-json\/wp\/v2\/pages"}],"about":[{"href":"https:\/\/souvenir.swlauriersb.vortexdev.com\/fr\/wp-json\/wp\/v2\/types\/page"}],"author":[{"embeddable":true,"href":"https:\/\/souvenir.swlauriersb.vortexdev.com\/fr\/wp-json\/wp\/v2\/users\/1"}],"replies":[{"embeddable":true,"href":"https:\/\/souvenir.swlauriersb.vortexdev.com\/fr\/wp-json\/wp\/v2\/comments?post=177"}],"version-history":[{"count":3,"href":"https:\/\/souvenir.swlauriersb.vortexdev.com\/fr\/wp-json\/wp\/v2\/pages\/177\/revisions"}],"predecessor-version":[{"id":302,"href":"https:\/\/souvenir.swlauriersb.vortexdev.com\/fr\/wp-json\/wp\/v2\/pages\/177\/revisions\/302"}],"wp:attachment":[{"href":"https:\/\/souvenir.swlauriersb.vortexdev.com\/fr\/wp-json\/wp\/v2\/media?parent=177"}],"curies":[{"name":"wp","href":"https:\/\/api.w.org\/{rel}","templated":true}]}}